{"id":50,"date":"2020-01-10T16:08:10","date_gmt":"2020-01-10T16:08:10","guid":{"rendered":"https:\/\/rbgranzin.mypc-help.de\/?page_id=50"},"modified":"2026-03-18T15:36:24","modified_gmt":"2026-03-18T15:36:24","slug":"reisebuero-granzin","status":"publish","type":"page","link":"https:\/\/reisebuero-granzin.de\/","title":{"rendered":"Reiseb\u00fcro Granzin"},"content":{"rendered":"\n<div class=\"wp-block-group alignwide\"><div class=\"wp-block-group__inner-container is-layout-constrained wp-block-group-is-layout-constrained\">\n<div class=\"wp-block-group alignwide\"><div class=\"wp-block-group__inner-container is-layout-constrained wp-block-group-is-layout-constrained\"><div class=\"wp-block-image\">\n<figure class=\"aligncenter size-large\"><img fetchpriority=\"high\" decoding=\"async\" width=\"438\" height=\"150\" src=\"https:\/\/rbgranzin.mypc-help.de\/wp-content\/uploads\/2020\/01\/logogr3.png\" alt=\"\" class=\"wp-image-68\" srcset=\"https:\/\/reisebuero-granzin.de\/wp-content\/uploads\/2020\/01\/logogr3.png 438w, https:\/\/reisebuero-granzin.de\/wp-content\/uploads\/2020\/01\/logogr3-300x103.png 300w\" sizes=\"(max-width: 438px) 100vw, 438px\" \/><\/figure>\n<\/div>\n\n\n<p class=\"wp-content-site has-text-color has-large-font-size\" style=\"color:#2c13c8\"><strong>Willkommen auf unserer Website &#8211; auf der Sie einige n\u00fctzliche Informationen vorfinden.<\/strong><\/p>\n\n\n\n<p class=\"has-text-align-center wp-content-site has-text-color\" style=\"color:#2c13c8\"><strong>Potsdamer Str. 12 B &#8211; 14513 Teltow<\/strong><\/p>\n\n\n\n<p class=\"has-text-align-center wp-content-site has-text-color\" style=\"color:#2c13c8\"><strong>Tel.\/Fax:  (0 33 28) 47 42 &#8211; 00\/0<\/strong><\/p>\n\n\n\n<p class=\"has-text-align-center wp-content-site has-text-color has-normal-font-size\" style=\"color:#2c13c8\"><strong>Unsere \u00d6ffnungszeiten sind wie folgt:<\/strong><\/p>\n\n\n\n<p class=\"has-text-align-center has-text-color has-link-color wp-elements-15ecca9a904d428e0edc3a51b0027a11\" style=\"color:#2c13c8\">Montag:  10:00 &#8211; 14:30<\/p>\n\n\n\n<p class=\"has-text-align-center has-text-color has-link-color wp-elements-8c2b3922cc2c2919a62ba3d16f08f78a\" style=\"color:#2c13c8\">Dienstag: 10:00 &#8211; 16:30 <br>\n(bis 18:00 nach vorheriger Terminvereinbarung)<\/p>\n\n\n\n<p class=\"has-text-align-center wp-content-site has-text-color\" style=\"color:#2c13c8\">Mttwoch: 10:00 &#8211; 14:30 Uhr<\/p>\n\n\n\n<p class=\"has-text-align-center wp-content-site has-text-color\" style=\"color:#2c13c8\"> Donnerstag:  10:00 &#8211; 16:30 Uhr<\/p>\n\n\n\n<p class=\"has-text-align-center wp-content-site has-text-color\" style=\"color:#2c13c8\">Freitag: geschlossen<\/p>\n\n\n\n<p class=\"has-text-align-center wp-content-site has-text-color\" style=\"color:#2c13c8\"><strong>Jederzeit per Mail, welche zeitnah gelesen wird<\/strong><\/p>\n\n\n\n<p class=\"has-text-align-center wp-content-site has-text-color has-link-color\" style=\"color:#2e53db\" style=\"margin-left:1em\">Da wir den pers\u00f6nlichen Kontakt bevorzugen, mit unseren Kunden gerne Erfahrungen austauschen und Sie von unserem netten Service \u00fcberzeugen m\u00f6chten, werden Sie keine Angebote online finden. Das hei\u00dft nicht, dass wir bei Online-Preisen nicht mithalten k\u00f6nnen! Probieren Sie es aus und genie\u00dfen Sie ein Gef\u00fchl der Sicherheit durch einen festen Ansprechpartner.<\/p>\n\n\n\n<div class=\"wp-block-columns is-layout-flex wp-container-core-columns-is-layout-9d6595d7 wp-block-columns-is-layout-flex\">\n<div class=\"wp-block-column is-layout-flow wp-block-column-is-layout-flow\" style=\"flex-basis:100%\">\n<div class=\"wp-block-columns is-layout-flex wp-container-core-columns-is-layout-9d6595d7 wp-block-columns-is-layout-flex\">\n<div class=\"wp-block-column is-layout-flow wp-block-column-is-layout-flow\" style=\"flex-basis:60%\"><div class=\"wp-block-image\">\n<figure class=\"aligncenter size-thumbnail is-resized\"><img decoding=\"async\" width=\"98\" height=\"150\" src=\"https:\/\/reisebuero-granzin.de\/wp-content\/uploads\/2020\/01\/netty1-98x150.jpg\" alt=\"Netty\" class=\"wp-image-77\" style=\"width:130px\"\/><figcaption class=\"wp-element-caption\">Jeanette Granzin<\/figcaption><\/figure>\n<\/div><\/div>\n\n\n\n<div class=\"wp-block-column is-vertically-aligned-center is-layout-flow wp-block-column-is-layout-flow\" style=\"flex-basis:90%\">\n<p class=\"has-text-align-center has-text-color has-link-color has-normal-font-size wp-elements-bc4fbb18f2705bfb356c13770dc034e5\" style=\"color:#2929ab\"><strong>Gerne k\u00f6nnen Sie uns eine Email senden:<\/strong><\/p>\n\n\n\n<p class=\"has-text-align-center has-text-color has-link-color has-small-font-size wp-elements-9376f3f1d6dd7ec4cd2b9d27440d876b\" style=\"color:#2929ab\"><a href=\"mailto:info@reisebuero-granzin.de\">info(at)reisebuero-granzin.de<\/a><\/p>\n\n\n\n<p class=\"has-text-align-center has-text-color has-link-color has-normal-font-size wp-elements-3654c9853462fcf41d1e041e30bab1ba\" style=\"color:#2929ab\"><strong>Wir freuen uns auf Sie!<\/strong><\/p>\n<\/div>\n<\/div>\n<\/div>\n<\/div>\n<\/div><\/div>\n<\/div><\/div>\n\n\n\n<p><\/p>\n","protected":false},"excerpt":{"rendered":"<p>Willkommen auf unserer Website &#8211; auf der Sie einige n\u00fctzliche Informationen vorfinden. Potsdamer Str. 12 B &#8211; 14513 Teltow Tel.\/Fax: (0 33 28) 47 42 &#8211; 00\/0 Unsere \u00d6ffnungszeiten sind wie folgt: Montag: 10:00 &#8211; 14:30 Dienstag: 10:00 &#8211; 16:30 (bis 18:00 nach vorheriger Terminvereinbarung) Mttwoch: 10:00 &#8211; 14:30 Uhr Donnerstag: 10:00 &#8211; 16:30 Uhr [&hellip;]<\/p>\n","protected":false},"author":1,"featured_media":0,"parent":0,"menu_order":0,"comment_status":"closed","ping_status":"closed","template":"","meta":{"footnotes":""},"class_list":["post-50","page","type-page","status-publish","hentry"],"yoast_head":"<!-- This site is optimized with the Yoast SEO plugin v27.2 - https:\/\/yoast.com\/product\/yoast-seo-wordpress\/ -->\n<title>Reiseb\u00fcro Granzin - Reiseb\u00fcro Granzin<\/title>\n<meta name=\"robots\" content=\"index, follow, max-snippet:-1, max-image-preview:large, max-video-preview:-1\" \/>\n<link rel=\"canonical\" href=\"https:\/\/reisebuero-granzin.de\/\" \/>\n<meta property=\"og:locale\" content=\"de_DE\" \/>\n<meta property=\"og:type\" content=\"article\" \/>\n<meta property=\"og:title\" content=\"Reiseb\u00fcro Granzin - Reiseb\u00fcro Granzin\" \/>\n<meta property=\"og:description\" content=\"Willkommen auf unserer Website &#8211; auf der Sie einige n\u00fctzliche Informationen vorfinden. Potsdamer Str. 12 B &#8211; 14513 Teltow Tel.\/Fax: (0 33 28) 47 42 &#8211; 00\/0 Unsere \u00d6ffnungszeiten sind wie folgt: Montag: 10:00 &#8211; 14:30 Dienstag: 10:00 &#8211; 16:30 (bis 18:00 nach vorheriger Terminvereinbarung) Mttwoch: 10:00 &#8211; 14:30 Uhr Donnerstag: 10:00 &#8211; 16:30 Uhr [&hellip;]\" \/>\n<meta property=\"og:url\" content=\"https:\/\/reisebuero-granzin.de\/\" \/>\n<meta property=\"og:site_name\" content=\"Reiseb\u00fcro Granzin\" \/>\n<meta property=\"article:modified_time\" content=\"2026-03-18T15:36:24+00:00\" \/>\n<meta property=\"og:image\" content=\"https:\/\/reisebuero-granzin.de\/wp-content\/uploads\/2020\/01\/logogr3.png\" \/>\n\t<meta property=\"og:image:width\" content=\"438\" \/>\n\t<meta property=\"og:image:height\" content=\"150\" \/>\n\t<meta property=\"og:image:type\" content=\"image\/png\" \/>\n<meta name=\"twitter:card\" content=\"summary_large_image\" \/>\n<meta name=\"twitter:label1\" content=\"Gesch\u00e4tzte Lesezeit\" \/>\n\t<meta name=\"twitter:data1\" content=\"2\u00a0Minuten\" \/>\n<script type=\"application\/ld+json\" class=\"yoast-schema-graph\">{\"@context\":\"https:\/\/schema.org\",\"@graph\":[{\"@type\":\"WebPage\",\"@id\":\"https:\/\/reisebuero-granzin.de\/\",\"url\":\"https:\/\/reisebuero-granzin.de\/\",\"name\":\"Reiseb\u00fcro Granzin - Reiseb\u00fcro Granzin\",\"isPartOf\":{\"@id\":\"https:\/\/reisebuero-granzin.de\/#website\"},\"primaryImageOfPage\":{\"@id\":\"https:\/\/reisebuero-granzin.de\/#primaryimage\"},\"image\":{\"@id\":\"https:\/\/reisebuero-granzin.de\/#primaryimage\"},\"thumbnailUrl\":\"https:\/\/rbgranzin.mypc-help.de\/wp-content\/uploads\/2020\/01\/logogr3.png\",\"datePublished\":\"2020-01-10T16:08:10+00:00\",\"dateModified\":\"2026-03-18T15:36:24+00:00\",\"breadcrumb\":{\"@id\":\"https:\/\/reisebuero-granzin.de\/#breadcrumb\"},\"inLanguage\":\"de\",\"potentialAction\":[{\"@type\":\"ReadAction\",\"target\":[\"https:\/\/reisebuero-granzin.de\/\"]}]},{\"@type\":\"ImageObject\",\"inLanguage\":\"de\",\"@id\":\"https:\/\/reisebuero-granzin.de\/#primaryimage\",\"url\":\"https:\/\/rbgranzin.mypc-help.de\/wp-content\/uploads\/2020\/01\/logogr3.png\",\"contentUrl\":\"https:\/\/rbgranzin.mypc-help.de\/wp-content\/uploads\/2020\/01\/logogr3.png\"},{\"@type\":\"BreadcrumbList\",\"@id\":\"https:\/\/reisebuero-granzin.de\/#breadcrumb\",\"itemListElement\":[{\"@type\":\"ListItem\",\"position\":1,\"name\":\"Startseite\",\"item\":\"https:\/\/reisebuero-granzin.de\/\"},{\"@type\":\"ListItem\",\"position\":2,\"name\":\"Reiseb\u00fcro Granzin\"}]},{\"@type\":\"WebSite\",\"@id\":\"https:\/\/reisebuero-granzin.de\/#website\",\"url\":\"https:\/\/reisebuero-granzin.de\/\",\"name\":\"Reisebuero-Granzin.de\",\"description\":\"  -  Unsere Visitenkarte\",\"potentialAction\":[{\"@type\":\"SearchAction\",\"target\":{\"@type\":\"EntryPoint\",\"urlTemplate\":\"https:\/\/reisebuero-granzin.de\/?s={search_term_string}\"},\"query-input\":{\"@type\":\"PropertyValueSpecification\",\"valueRequired\":true,\"valueName\":\"search_term_string\"}}],\"inLanguage\":\"de\"}]}<\/script>\n<!-- \/ Yoast SEO plugin. -->","yoast_head_json":{"title":"Reiseb\u00fcro Granzin - Reiseb\u00fcro Granzin","robots":{"index":"index","follow":"follow","max-snippet":"max-snippet:-1","max-image-preview":"max-image-preview:large","max-video-preview":"max-video-preview:-1"},"canonical":"https:\/\/reisebuero-granzin.de\/","og_locale":"de_DE","og_type":"article","og_title":"Reiseb\u00fcro Granzin - Reiseb\u00fcro Granzin","og_description":"Willkommen auf unserer Website &#8211; auf der Sie einige n\u00fctzliche Informationen vorfinden. Potsdamer Str. 12 B &#8211; 14513 Teltow Tel.\/Fax: (0 33 28) 47 42 &#8211; 00\/0 Unsere \u00d6ffnungszeiten sind wie folgt: Montag: 10:00 &#8211; 14:30 Dienstag: 10:00 &#8211; 16:30 (bis 18:00 nach vorheriger Terminvereinbarung) Mttwoch: 10:00 &#8211; 14:30 Uhr Donnerstag: 10:00 &#8211; 16:30 Uhr [&hellip;]","og_url":"https:\/\/reisebuero-granzin.de\/","og_site_name":"Reiseb\u00fcro Granzin","article_modified_time":"2026-03-18T15:36:24+00:00","og_image":[{"width":438,"height":150,"url":"https:\/\/reisebuero-granzin.de\/wp-content\/uploads\/2020\/01\/logogr3.png","type":"image\/png"}],"twitter_card":"summary_large_image","twitter_misc":{"Gesch\u00e4tzte Lesezeit":"2\u00a0Minuten"},"schema":{"@context":"https:\/\/schema.org","@graph":[{"@type":"WebPage","@id":"https:\/\/reisebuero-granzin.de\/","url":"https:\/\/reisebuero-granzin.de\/","name":"Reiseb\u00fcro Granzin - Reiseb\u00fcro Granzin","isPartOf":{"@id":"https:\/\/reisebuero-granzin.de\/#website"},"primaryImageOfPage":{"@id":"https:\/\/reisebuero-granzin.de\/#primaryimage"},"image":{"@id":"https:\/\/reisebuero-granzin.de\/#primaryimage"},"thumbnailUrl":"https:\/\/rbgranzin.mypc-help.de\/wp-content\/uploads\/2020\/01\/logogr3.png","datePublished":"2020-01-10T16:08:10+00:00","dateModified":"2026-03-18T15:36:24+00:00","breadcrumb":{"@id":"https:\/\/reisebuero-granzin.de\/#breadcrumb"},"inLanguage":"de","potentialAction":[{"@type":"ReadAction","target":["https:\/\/reisebuero-granzin.de\/"]}]},{"@type":"ImageObject","inLanguage":"de","@id":"https:\/\/reisebuero-granzin.de\/#primaryimage","url":"https:\/\/rbgranzin.mypc-help.de\/wp-content\/uploads\/2020\/01\/logogr3.png","contentUrl":"https:\/\/rbgranzin.mypc-help.de\/wp-content\/uploads\/2020\/01\/logogr3.png"},{"@type":"BreadcrumbList","@id":"https:\/\/reisebuero-granzin.de\/#breadcrumb","itemListElement":[{"@type":"ListItem","position":1,"name":"Startseite","item":"https:\/\/reisebuero-granzin.de\/"},{"@type":"ListItem","position":2,"name":"Reiseb\u00fcro Granzin"}]},{"@type":"WebSite","@id":"https:\/\/reisebuero-granzin.de\/#website","url":"https:\/\/reisebuero-granzin.de\/","name":"Reisebuero-Granzin.de","description":"  -  Unsere Visitenkarte","potentialAction":[{"@type":"SearchAction","target":{"@type":"EntryPoint","urlTemplate":"https:\/\/reisebuero-granzin.de\/?s={search_term_string}"},"query-input":{"@type":"PropertyValueSpecification","valueRequired":true,"valueName":"search_term_string"}}],"inLanguage":"de"}]}},"_links":{"self":[{"href":"https:\/\/reisebuero-granzin.de\/index.php\/wp-json\/wp\/v2\/pages\/50","targetHints":{"allow":["GET"]}}],"collection":[{"href":"https:\/\/reisebuero-granzin.de\/index.php\/wp-json\/wp\/v2\/pages"}],"about":[{"href":"https:\/\/reisebuero-granzin.de\/index.php\/wp-json\/wp\/v2\/types\/page"}],"author":[{"embeddable":true,"href":"https:\/\/reisebuero-granzin.de\/index.php\/wp-json\/wp\/v2\/users\/1"}],"replies":[{"embeddable":true,"href":"https:\/\/reisebuero-granzin.de\/index.php\/wp-json\/wp\/v2\/comments?post=50"}],"version-history":[{"count":207,"href":"https:\/\/reisebuero-granzin.de\/index.php\/wp-json\/wp\/v2\/pages\/50\/revisions"}],"predecessor-version":[{"id":541,"href":"https:\/\/reisebuero-granzin.de\/index.php\/wp-json\/wp\/v2\/pages\/50\/revisions\/541"}],"wp:attachment":[{"href":"https:\/\/reisebuero-granzin.de\/index.php\/wp-json\/wp\/v2\/media?parent=50"}],"curies":[{"name":"wp","href":"https:\/\/api.w.org\/{rel}","templated":true}]}}