{"id":196,"date":"2020-02-24T16:42:24","date_gmt":"2020-02-24T16:42:24","guid":{"rendered":"https:\/\/rbgranzin.mypc-help.de\/?page_id=196"},"modified":"2026-03-11T17:39:18","modified_gmt":"2026-03-11T17:39:18","slug":"impressum","status":"publish","type":"page","link":"https:\/\/reisebuero-granzin.de\/index.php\/impressum\/","title":{"rendered":"Impressum"},"content":{"rendered":"<p><strong>Anschrift:<\/strong><br \/>Filialbetrieb der <br \/>K&amp;K Touristik Vermittlungs GmbH &amp; Co. Touristik KG<br \/>Potsdamer Str. 12b<br \/>14513 Teltow<\/p>\n\n\n<p><strong>Telefon:<\/strong><br>+49 (0) 3328 &#8211; 474201<br><br><strong>Telefax:<\/strong><br>+49 (0) 3328 &#8211; 474204<br><br><strong>E-Mail Adresse:<\/strong><br><a href=\"mailto:info@reisebuero-granzin.de\">info@reisebuero-granzin.de<\/a><\/p>\n\n\n\n<p><strong>(HINWEIS: Erreichbarkeit nur w\u00e4hrend unserer \u00d6ffnungszeiten: <\/strong><\/p>\n\n\n\n<p><strong>Montag, Mittwoch:        10:00 &#8211; 14:30 Uhr<\/strong><\/p>\n\n\n\n<p><strong>Dienstag, Donnerstag:  10:00 &#8211; 16:30 Uhr<\/strong><\/p>\n\n\n\n<p><\/p>\n\n\n\n<p><br><strong>Unternehmensform:<\/strong><br>Kapitalgesellschaft als GmbH &amp; Co. Touristik KG (Gesellschaft mit beschr\u00e4nkter Haftung)<br>HRA 27782 Amtsgericht Berlin (Charlottenburg) <\/p>\n\n\n\n<p>Steuernummer: 30\/117\/5556 <\/p>\n\n\n\n<p>Angaben ohne Anerkennung einer Rechtspflicht. Wir bitten um Verst\u00e4ndnis, dass wir uns Irrt\u00fcmer vorbehalten und Forderungen daraus ablehnen.<\/p>\n\n\n\n<p><strong>Die Europ\u00e4ische Kommission stellt unter&nbsp;<\/strong><a rel=\"noreferrer noopener\" href=\"http:\/\/ec.europa.eu\/consumers\/odr\/\" target=\"_blank\"><strong>http:\/\/ec.europa.eu\/consumers\/odr\/&nbsp;<\/strong><\/a><strong>eine Plattform zur Online-Beilegung verbraucherrechtlicher Streitigkeiten bereit.<\/strong><\/p>\n\n\n\n<p>Die K&amp;K Touristik und Vermittlungs GmbH &amp; Co Touristik KG nimmt derzeit nicht an diesem freiwilligen Verfahren zur alternativen Streitbeilegung teil, daher kann die europ\u00e4ische Online-Streitbeilegungs-Plattform von unseren Kunden nicht genutzt werden.<\/p>\n\n\n\n<p>Unsere Schlichtungsstelle zur Beilegung von etwaigen Streitigkeiten im&nbsp;<strong>Zusammenhang mit der Versicherungsvermittlung:<\/strong><\/p>\n\n\n\n<p>Versicherungsombudsmann e.V.<br>Postfach 080 632<br>10006 Berlin<br>Telefon: 0800 3696000 \/ Fax: 0800 3699000<br>E-Mail: beschwerde@versicherungsombudsmann.de<br>www. versicherungsombudsmann.deAbsatz<\/p>\n\n\n\n<p><br><strong>Haftungsausschluss:<\/strong><br>Die bereitgestellten Informationen auf dieser Website wurden sorgf\u00e4ltig gepr\u00fcft und werden regelm\u00e4\u00dfig aktualisiert. Jedoch kann keine Haftung oder Garantie daf\u00fcr \u00fcbernommen werden, dass alle Angaben zu jeder Zeit vollst\u00e4ndig, richtig und in letzter Aktualit\u00e4t dargestellt sind. Dies gilt insbesondere f\u00fcr alle Links zu anderen Websites, auf die direkt oder indirekt verwiesen wird. Alle Angaben k\u00f6nnen ohne vorherige Ank\u00fcndigung ge\u00e4ndert, entfernt oder erg\u00e4nzt werden. Weder die Ver\u00f6ffentlichung noch ihr Inhalt d\u00fcrfen ohne die vorherige ausdr\u00fcckliche Genehmigung von K&amp;K Touristik Vermittlungs GmbH &amp; Co. Touristik KG auf irgendeine Art ver\u00e4ndert oder an Dritte verteilt oder \u00fcbermittelt werden.<br><br>\u00a9 K&amp;K Touristik Vermittlungs GmbH &amp; Co Touristik KG, Berlin 2020<br>Alle Rechte vorbehalten. Alle Angaben ohne Gew\u00e4hr.<br><br><strong>Urheber- und Kennzeichenrecht:<\/strong><br>K&amp;K Touristik-Vermittlungs GmbH &amp; Co Touristik KG  ist bestrebt, in allen Publikationen die Urheberrechte der verwendeten Grafiken, Tondokumente, Videosequenzen und Texte zu beachten, von ihm selbst erstellte Grafiken, Tondokumente, Videosequenzen und Texte zu nutzen oder auf lizenzfreie Grafiken, Tondokumente, Videosequenzen und Texte zur\u00fcckzugreifen. Alle innerhalb des Internetangebotes genannten und ggf. durch Dritte gesch\u00fctzten Marken- und Warenzeichen unterliegen uneingeschr\u00e4nkt den Bestimmungen des jeweils g\u00fcltigen Kennzeichenrechts und den Besitzrechten der jeweiligen eingetragenen Eigent\u00fcmer. Allein aufgrund der blo\u00dfen Nennung ist nicht der Schluss zu ziehen, dass Markenzeichen nicht durch Rechte Dritter gesch\u00fctzt sind. Das Copyright f\u00fcr ver\u00f6ffentlichte, vom Autor selbst erstellte Objekte bleibt allein beim Autor der Seiten. Eine Vervielf\u00e4ltigung oder Verwendung solcher Grafiken, Tondokumente, Videosequenzen und Texte in anderen elektronischen oder gedruckten Publikationen ist ohne ausdr\u00fcckliche Zustimmung des Autors nicht gestattet. Urheberrecht und Copyright \u00a9 2020 K&amp;K Touristik Vermittlungs GmbH &amp; Co Touristik KG und\/oder deren Lieferanten. Alle anderen hier erw\u00e4hnten Produkt- und Firmennamen sind Marken der jeweiligen Eigent\u00fcmer. Alle hier nicht ausdr\u00fccklich einger\u00e4umten Rechte bleiben vorbehalten.<br><br><\/p>\n","protected":false},"excerpt":{"rendered":"<p>Anschrift:Filialbetrieb der K&amp;K Touristik Vermittlungs GmbH &amp; Co. Touristik KGPotsdamer Str. 12b14513 Teltow Telefon:+49 (0) 3328 &#8211; 474201 Telefax:+49 (0) 3328 &#8211; 474204 E-Mail Adresse:info@reisebuero-granzin.de (HINWEIS: Erreichbarkeit nur w\u00e4hrend unserer \u00d6ffnungszeiten: Montag, Mittwoch: 10:00 &#8211; 14:30 Uhr Dienstag, Donnerstag: 10:00 &#8211; 16:30 Uhr Unternehmensform:Kapitalgesellschaft als GmbH &amp; Co. Touristik KG (Gesellschaft mit beschr\u00e4nkter Haftung)HRA 27782 [&hellip;]<\/p>\n","protected":false},"author":1,"featured_media":0,"parent":0,"menu_order":0,"comment_status":"closed","ping_status":"closed","template":"","meta":{"footnotes":""},"class_list":["post-196","page","type-page","status-publish","hentry"],"yoast_head":"<!-- This site is optimized with the Yoast SEO plugin v27.2 - https:\/\/yoast.com\/product\/yoast-seo-wordpress\/ -->\n<title>Impressum - Reiseb\u00fcro Granzin<\/title>\n<meta name=\"robots\" content=\"index, follow, max-snippet:-1, max-image-preview:large, max-video-preview:-1\" \/>\n<link rel=\"canonical\" href=\"https:\/\/reisebuero-granzin.de\/index.php\/impressum\/\" \/>\n<meta property=\"og:locale\" content=\"de_DE\" \/>\n<meta property=\"og:type\" content=\"article\" \/>\n<meta property=\"og:title\" content=\"Impressum - Reiseb\u00fcro Granzin\" \/>\n<meta property=\"og:description\" content=\"Anschrift:Filialbetrieb der K&amp;K Touristik Vermittlungs GmbH &amp; Co. Touristik KGPotsdamer Str. 12b14513 Teltow Telefon:+49 (0) 3328 &#8211; 474201 Telefax:+49 (0) 3328 &#8211; 474204 E-Mail Adresse:info@reisebuero-granzin.de (HINWEIS: Erreichbarkeit nur w\u00e4hrend unserer \u00d6ffnungszeiten: Montag, Mittwoch: 10:00 &#8211; 14:30 Uhr Dienstag, Donnerstag: 10:00 &#8211; 16:30 Uhr Unternehmensform:Kapitalgesellschaft als GmbH &amp; Co. Touristik KG (Gesellschaft mit beschr\u00e4nkter Haftung)HRA 27782 [&hellip;]\" \/>\n<meta property=\"og:url\" content=\"https:\/\/reisebuero-granzin.de\/index.php\/impressum\/\" \/>\n<meta property=\"og:site_name\" content=\"Reiseb\u00fcro Granzin\" \/>\n<meta property=\"article:modified_time\" content=\"2026-03-11T17:39:18+00:00\" \/>\n<meta name=\"twitter:card\" content=\"summary_large_image\" \/>\n<meta name=\"twitter:label1\" content=\"Gesch\u00e4tzte Lesezeit\" \/>\n\t<meta name=\"twitter:data1\" content=\"3\u00a0Minuten\" \/>\n<script type=\"application\/ld+json\" class=\"yoast-schema-graph\">{\"@context\":\"https:\/\/schema.org\",\"@graph\":[{\"@type\":\"WebPage\",\"@id\":\"https:\/\/reisebuero-granzin.de\/index.php\/impressum\/\",\"url\":\"https:\/\/reisebuero-granzin.de\/index.php\/impressum\/\",\"name\":\"Impressum - Reiseb\u00fcro Granzin\",\"isPartOf\":{\"@id\":\"https:\/\/reisebuero-granzin.de\/#website\"},\"datePublished\":\"2020-02-24T16:42:24+00:00\",\"dateModified\":\"2026-03-11T17:39:18+00:00\",\"breadcrumb\":{\"@id\":\"https:\/\/reisebuero-granzin.de\/index.php\/impressum\/#breadcrumb\"},\"inLanguage\":\"de\",\"potentialAction\":[{\"@type\":\"ReadAction\",\"target\":[\"https:\/\/reisebuero-granzin.de\/index.php\/impressum\/\"]}]},{\"@type\":\"BreadcrumbList\",\"@id\":\"https:\/\/reisebuero-granzin.de\/index.php\/impressum\/#breadcrumb\",\"itemListElement\":[{\"@type\":\"ListItem\",\"position\":1,\"name\":\"Startseite\",\"item\":\"https:\/\/reisebuero-granzin.de\/\"},{\"@type\":\"ListItem\",\"position\":2,\"name\":\"Impressum\"}]},{\"@type\":\"WebSite\",\"@id\":\"https:\/\/reisebuero-granzin.de\/#website\",\"url\":\"https:\/\/reisebuero-granzin.de\/\",\"name\":\"Reisebuero-Granzin.de\",\"description\":\"  -  Unsere Visitenkarte\",\"potentialAction\":[{\"@type\":\"SearchAction\",\"target\":{\"@type\":\"EntryPoint\",\"urlTemplate\":\"https:\/\/reisebuero-granzin.de\/?s={search_term_string}\"},\"query-input\":{\"@type\":\"PropertyValueSpecification\",\"valueRequired\":true,\"valueName\":\"search_term_string\"}}],\"inLanguage\":\"de\"}]}<\/script>\n<!-- \/ Yoast SEO plugin. -->","yoast_head_json":{"title":"Impressum - Reiseb\u00fcro Granzin","robots":{"index":"index","follow":"follow","max-snippet":"max-snippet:-1","max-image-preview":"max-image-preview:large","max-video-preview":"max-video-preview:-1"},"canonical":"https:\/\/reisebuero-granzin.de\/index.php\/impressum\/","og_locale":"de_DE","og_type":"article","og_title":"Impressum - Reiseb\u00fcro Granzin","og_description":"Anschrift:Filialbetrieb der K&amp;K Touristik Vermittlungs GmbH &amp; Co. Touristik KGPotsdamer Str. 12b14513 Teltow Telefon:+49 (0) 3328 &#8211; 474201 Telefax:+49 (0) 3328 &#8211; 474204 E-Mail Adresse:info@reisebuero-granzin.de (HINWEIS: Erreichbarkeit nur w\u00e4hrend unserer \u00d6ffnungszeiten: Montag, Mittwoch: 10:00 &#8211; 14:30 Uhr Dienstag, Donnerstag: 10:00 &#8211; 16:30 Uhr Unternehmensform:Kapitalgesellschaft als GmbH &amp; Co. Touristik KG (Gesellschaft mit beschr\u00e4nkter Haftung)HRA 27782 [&hellip;]","og_url":"https:\/\/reisebuero-granzin.de\/index.php\/impressum\/","og_site_name":"Reiseb\u00fcro Granzin","article_modified_time":"2026-03-11T17:39:18+00:00","twitter_card":"summary_large_image","twitter_misc":{"Gesch\u00e4tzte Lesezeit":"3\u00a0Minuten"},"schema":{"@context":"https:\/\/schema.org","@graph":[{"@type":"WebPage","@id":"https:\/\/reisebuero-granzin.de\/index.php\/impressum\/","url":"https:\/\/reisebuero-granzin.de\/index.php\/impressum\/","name":"Impressum - Reiseb\u00fcro Granzin","isPartOf":{"@id":"https:\/\/reisebuero-granzin.de\/#website"},"datePublished":"2020-02-24T16:42:24+00:00","dateModified":"2026-03-11T17:39:18+00:00","breadcrumb":{"@id":"https:\/\/reisebuero-granzin.de\/index.php\/impressum\/#breadcrumb"},"inLanguage":"de","potentialAction":[{"@type":"ReadAction","target":["https:\/\/reisebuero-granzin.de\/index.php\/impressum\/"]}]},{"@type":"BreadcrumbList","@id":"https:\/\/reisebuero-granzin.de\/index.php\/impressum\/#breadcrumb","itemListElement":[{"@type":"ListItem","position":1,"name":"Startseite","item":"https:\/\/reisebuero-granzin.de\/"},{"@type":"ListItem","position":2,"name":"Impressum"}]},{"@type":"WebSite","@id":"https:\/\/reisebuero-granzin.de\/#website","url":"https:\/\/reisebuero-granzin.de\/","name":"Reisebuero-Granzin.de","description":"  -  Unsere Visitenkarte","potentialAction":[{"@type":"SearchAction","target":{"@type":"EntryPoint","urlTemplate":"https:\/\/reisebuero-granzin.de\/?s={search_term_string}"},"query-input":{"@type":"PropertyValueSpecification","valueRequired":true,"valueName":"search_term_string"}}],"inLanguage":"de"}]}},"_links":{"self":[{"href":"https:\/\/reisebuero-granzin.de\/index.php\/wp-json\/wp\/v2\/pages\/196","targetHints":{"allow":["GET"]}}],"collection":[{"href":"https:\/\/reisebuero-granzin.de\/index.php\/wp-json\/wp\/v2\/pages"}],"about":[{"href":"https:\/\/reisebuero-granzin.de\/index.php\/wp-json\/wp\/v2\/types\/page"}],"author":[{"embeddable":true,"href":"https:\/\/reisebuero-granzin.de\/index.php\/wp-json\/wp\/v2\/users\/1"}],"replies":[{"embeddable":true,"href":"https:\/\/reisebuero-granzin.de\/index.php\/wp-json\/wp\/v2\/comments?post=196"}],"version-history":[{"count":7,"href":"https:\/\/reisebuero-granzin.de\/index.php\/wp-json\/wp\/v2\/pages\/196\/revisions"}],"predecessor-version":[{"id":514,"href":"https:\/\/reisebuero-granzin.de\/index.php\/wp-json\/wp\/v2\/pages\/196\/revisions\/514"}],"wp:attachment":[{"href":"https:\/\/reisebuero-granzin.de\/index.php\/wp-json\/wp\/v2\/media?parent=196"}],"curies":[{"name":"wp","href":"https:\/\/api.w.org\/{rel}","templated":true}]}}